{"id":12853,"date":"2025-02-20T05:10:42","date_gmt":"2025-02-20T05:10:42","guid":{"rendered":"https:\/\/demo.awaikenthemes.com\/lenity\/?page_id=12853"},"modified":"2025-10-16T20:03:14","modified_gmt":"2025-10-16T18:03:14","slug":"donazione","status":"publish","type":"page","link":"https:\/\/www.studicologno.org\/en\/donazione\/","title":{"rendered":"Donazione"},"content":{"rendered":"\t\t<div data-elementor-type=\"wp-page\" data-elementor-id=\"12853\" class=\"elementor elementor-12853\">\n\t\t\t\t<div data-ekitparallax=\"{&quot;ekit_section_parallax_bg&quot;:&quot;yes&quot;,&quot;ekit_section_parallax_bg_speed&quot;:0.5,&quot;elementor_lazy_load&quot;:&quot;1&quot;}\" class=\"elementor-element elementor-element-dcac5a8 page-hero-section e-flex e-con-boxed e-con e-parent\" data-id=\"dcac5a8\" data-element_type=\"container\" data-e-type=\"container\" data-settings=\"{&quot;background_background&quot;:&quot;classic&quot;}\">\n\t\t\t\t\t<div class=\"e-con-inner\">\n\t\t<div class=\"elementor-element elementor-element-2bb486c e-con-full e-flex e-con e-child\" data-id=\"2bb486c\" data-element_type=\"container\" data-e-type=\"container\">\n\t\t\t\t<div class=\"elementor-element elementor-element-de203c5 at-heading-animation at-animation-heading-style-2 elementor-widget elementor-widget-heading\" data-id=\"de203c5\" data-element_type=\"widget\" data-e-type=\"widget\" data-settings=\"{&quot;ekit_we_effect_on&quot;:&quot;none&quot;}\" data-widget_type=\"heading.default\">\n\t\t\t\t\t<h1 class=\"elementor-heading-title elementor-size-default\">Donazione<\/h1>\t\t\t\t<\/div>\n\t\t\t\t<\/div>\n\t\t\t\t\t<\/div>\n\t\t\t\t<\/div>\n\t\t<div class=\"elementor-element elementor-element-b68aa4f e-flex e-con-boxed e-con e-parent\" data-id=\"b68aa4f\" data-element_type=\"container\" data-e-type=\"container\">\n\t\t\t\t\t<div class=\"e-con-inner\">\n\t\t<div class=\"elementor-element elementor-element-a6b8163 e-con-full e-flex e-con e-child\" data-id=\"a6b8163\" data-element_type=\"container\" data-e-type=\"container\">\n\t\t<div class=\"elementor-element elementor-element-53cedc4 e-con-full e-flex e-con e-child\" data-id=\"53cedc4\" data-element_type=\"container\" data-e-type=\"container\">\n\t\t\t\t<div class=\"elementor-element elementor-element-b617a78 section-title at-heading-animation at-animation-heading-none elementor-invisible elementor-widget elementor-widget-heading\" data-id=\"b617a78\" data-element_type=\"widget\" data-e-type=\"widget\" data-settings=\"{&quot;_animation&quot;:&quot;fadeInUp&quot;,&quot;ekit_we_effect_on&quot;:&quot;none&quot;}\" data-widget_type=\"heading.default\">\n\t\t\t\t\t<h3 class=\"elementor-heading-title elementor-size-default\">DONATE ORA<\/h3>\t\t\t\t<\/div>\n\t\t\t\t<div class=\"elementor-element elementor-element-b593f3e at-heading-animation at-animation-heading-style-2 elementor-widget elementor-widget-heading\" data-id=\"b593f3e\" data-element_type=\"widget\" data-e-type=\"widget\" data-settings=\"{&quot;ekit_we_effect_on&quot;:&quot;none&quot;}\" data-widget_type=\"heading.default\">\n\t\t\t\t\t<h2 class=\"elementor-heading-title elementor-size-default\">Le vostre donazioni<\/h2>\t\t\t\t<\/div>\n\t\t\t\t<div class=\"elementor-element elementor-element-5e281ab elementor-invisible elementor-widget elementor-widget-text-editor\" data-id=\"5e281ab\" data-element_type=\"widget\" data-e-type=\"widget\" data-settings=\"{&quot;_animation&quot;:&quot;fadeInUp&quot;,&quot;_animation_delay&quot;:100,&quot;ekit_we_effect_on&quot;:&quot;none&quot;}\" data-widget_type=\"text-editor.default\">\n\t\t\t\t\t\t\t\t\t<p>La tua donazione \u00e8 pi\u00f9 di un semplice sostegno finanziario: \u00e8 un gesto di grande generosit\u00e0 che porta a cambiamenti significativi. Ogni contributo aiuta a fornire risorse essenziali, sostenere programmi di grande impatto e dare forza alle comunit\u00e0 bisognose.<\/p>\t\t\t\t\t\t\t\t<\/div>\n\t\t\t\t<div class=\"elementor-element elementor-element-5f12506 campaign-donate-form elementor-invisible elementor-widget elementor-widget-shortcode\" data-id=\"5f12506\" data-element_type=\"widget\" data-e-type=\"widget\" data-settings=\"{&quot;_animation&quot;:&quot;fadeInUp&quot;,&quot;_animation_delay&quot;:200,&quot;ekit_we_effect_on&quot;:&quot;none&quot;}\" data-widget_type=\"shortcode.default\">\n\t\t\t\t\t\t\t<div class=\"elementor-shortcode\">\t<div id=\"give-form-13473-wrap\" class=\"give-form-wrap give-display-\">\n\t\t\t\t\t<form id=\"give-form-13473-1\" class=\"give-form give-form-13473 give-form-type-set\" action=\"https:\/\/www.studicologno.org\/en\/wp-json\/wp\/v2\/pages\/12853\/?payment-mode=offline&form-id=13473\" data-id=\"13473-1\" data-currency_symbol=\"&euro;\" data-currency_code=\"EUR\" data-currency_position=\"before\" data-thousands_separator=\",\" data-decimal_separator=\".\" data-number_decimals=\"2\" method=\"post\">\n\t\t\t\t<!-- The following field is for robots only, invisible to humans: -->\n\t\t\t\t<span class=\"give-hidden\" style=\"display: none !important;\">\n\t\t\t\t\t<label for=\"give-form-honeypot-13473\"><\/label>\n\t\t\t\t\t<input id=\"give-form-honeypot-13473\" type=\"text\" name=\"give-honeypot\"\n\t\t\t\t\t\t   class=\"give-honeypot give-hidden\"\/>\n\t\t\t\t<\/span>\n\n\t\t\t\t\t<input type=\"hidden\" name=\"give-form-id-prefix\" value=\"13473-1\"\/>\n\t<input type=\"hidden\" name=\"give-form-id\" value=\"13473\"\/>\n\t<input type=\"hidden\" name=\"give-form-title\" value=\"Donation Page Form\"\/>\n\t<input type=\"hidden\" name=\"give-current-url\" value=\"https:\/\/www.studicologno.org\/en\/wp-json\/wp\/v2\/pages\/12853\/\"\/>\n\t<input type=\"hidden\" name=\"give-form-url\" value=\"https:\/\/www.studicologno.org\/en\/wp-json\/wp\/v2\/pages\/12853\/\"\/>\n\t<input type=\"hidden\"  name=\"give-form-hash\" value=\"9bd8e9a93f\" data-time=\"1775395373\" data-nonce-life=\"86400\" data-donor-session=\"0\"\/>\t\t<label class=\"give-hidden\" for=\"give-amount\">Importo della donazione:<\/label>\n\t\t<input id=\"give-amount\" class=\"give-amount-hidden\" type=\"hidden\" name=\"give-amount\"\n\t\t\t   value=\"0\" required aria-required=\"true\"\/>\n\t\t<div class=\"set-price give-donation-amount form-row-wide\">\n\t\t\t<span class=\"give-currency-symbol give-currency-position-before\">&euro;<\/span>\t\t\t<span id=\"give-amount-text\" class=\"give-text-input give-amount-top\">0<\/span>\n\t\t\t\t\t<\/div>\n\t\t<button type=\"button\" class=\"give-btn give-btn-\">Dona ora<\/button><input id=\"give-stripe-payment-method-13473-1\" type=\"hidden\" name=\"give_stripe_payment_method\" value=\"\">\n\t<fieldset id=\"give-payment-mode-select\" style=\"display: none;\">\n\t\t\t\t<legend\n\t\t\tclass=\"give-payment-mode-label\">Seleziona il metodo di pagamento\t\t\t<span class=\"give-loading-text\"><span\n\t\t\t\t\tclass=\"give-loading-animation\"><\/span>\n\t\t\t<\/span>\n\t\t<\/legend>\n\n\t\t<div id=\"give-payment-mode-wrap\">\n\t\t\t\t\t\t<ul id=\"give-gateway-radio-list\">\n\t\t\t\t\t\t\t\t\t\t<li class=\"give-gateway-option-selected\">\n\t\t\t\t\t\t\t<input type=\"radio\" name=\"payment-mode\" class=\"give-gateway\"\n\t\t\t\t\t\t\t\t   id=\"give-gateway-offline-13473-1\"\n\t\t\t\t\t\t\t\t   value=\"offline\" checked='checked'>\n\t\t\t\t\t\t\t<label for=\"give-gateway-offline-13473-1\"\n\t\t\t\t\t\t\t\t   class=\"give-gateway-option\"\n\t\t\t\t\t\t\t\t   id=\"give-gateway-option-offline\"> Donazione con bonifico<\/label>\n\t\t\t\t\t\t<\/li>\n\t\t\t\t\t\t\t\t\t<\/ul>\n\t\t\t\t\t<\/div>\n\t\t\t<\/fieldset>\n\n\t\n\t<div id=\"give_purchase_form_wrap\">\n\n\t\t<fieldset class='no-fields' id='give_offline_payment_info'>\n                <p>To make an offline donation toward this cause, follow these steps:<\/p>\n<ol>\n<li>Write a check payable to \"Studi di Cologno\"<\/li>\n<li>On the memo line of the check, indicate that the donation is for \"Studi di Cologno\"<\/li>\n<li>Mail your check to:<\/li>\n<\/ol>\n<p>&nbsp;&nbsp;&nbsp;&nbsp;<em>Studi di Cologno<\/em><\/em><br \/>&nbsp;&nbsp;&nbsp;&nbsp;<em>111 Not A Real St.<\/em><br \/>&nbsp;&nbsp;&nbsp;&nbsp;<em>Anytown, CA 12345 <\/em><\/p>\n<p>Your tax-deductible donation is greatly appreciated!<\/p>\n\n            <\/fieldset><div id=\"give-stripe-payment-errors-13473-1\"><\/div>\t<fieldset id=\"give_purchase_submit\" class=\"give-donation-submit\">\n\t\t\t<input type=\"hidden\" name=\"give_action\" value=\"purchase\"\/>\n\t<input type=\"hidden\" name=\"give-gateway\" value=\"offline\"\/>\n\t\t<div class=\"give-submit-button-wrap give-clearfix\">\n\t\t<input type=\"submit\" class=\"give-submit give-btn\" id=\"give-purchase-button\" name=\"give-purchase\"\n\t\t\t   value=\"Dona ora\" data-before-validation-label=\"Dona ora\"\/>\n\t\t<span class=\"give-loading-animation\"><\/span>\n\t<\/div>\n\t\t<\/fieldset>\n\t\n\t<\/div>\n\n\t\t\t\t<\/form>\n\n\t\t\t\n\t<\/div><!--end #give-form-13473-->\n\t<\/div>\n\t\t\t\t\t\t<\/div>\n\t\t\t\t<\/div>\n\t\t\t\t<\/div>\n\t\t\t\t\t<\/div>\n\t\t\t\t<\/div>\n\t\t\t\t<\/div>\n\t\t","protected":false},"excerpt":{"rendered":"<p>Donazione DONATE ORA Le vostre donazioni La tua donazione [&hellip;]<\/p>\n","protected":false},"author":1,"featured_media":0,"parent":0,"menu_order":0,"comment_status":"closed","ping_status":"closed","template":"elementor_header_footer","meta":{"give_campaign_id":0,"footnotes":""},"class_list":["post-12853","page","type-page","status-publish","hentry"],"campaignId":"","_links":{"self":[{"href":"https:\/\/www.studicologno.org\/en\/wp-json\/wp\/v2\/pages\/12853","targetHints":{"allow":["GET"]}}],"collection":[{"href":"https:\/\/www.studicologno.org\/en\/wp-json\/wp\/v2\/pages"}],"about":[{"href":"https:\/\/www.studicologno.org\/en\/wp-json\/wp\/v2\/types\/page"}],"author":[{"embeddable":true,"href":"https:\/\/www.studicologno.org\/en\/wp-json\/wp\/v2\/users\/1"}],"replies":[{"embeddable":true,"href":"https:\/\/www.studicologno.org\/en\/wp-json\/wp\/v2\/comments?post=12853"}],"version-history":[{"count":8,"href":"https:\/\/www.studicologno.org\/en\/wp-json\/wp\/v2\/pages\/12853\/revisions"}],"predecessor-version":[{"id":15521,"href":"https:\/\/www.studicologno.org\/en\/wp-json\/wp\/v2\/pages\/12853\/revisions\/15521"}],"wp:attachment":[{"href":"https:\/\/www.studicologno.org\/en\/wp-json\/wp\/v2\/media?parent=12853"}],"curies":[{"name":"wp","href":"https:\/\/api.w.org\/{rel}","templated":true}]}}